{"id":343,"date":"2018-11-14T08:41:41","date_gmt":"2018-11-14T08:41:41","guid":{"rendered":"http:\/\/localhost\/industro\/?page_id=343"},"modified":"2022-03-02T00:50:21","modified_gmt":"2022-03-02T00:50:21","slug":"servicios","status":"publish","type":"page","link":"https:\/\/l-panel.com\/?page_id=343","title":{"rendered":"Nuestros Servicios"},"content":{"rendered":"<div class=\"wpb-content-wrapper\"><p>[vc_row css=&#8221;.vc_custom_1638418647153{margin-top: 50px !important;}&#8221;][vc_column width=&#8221;1\/3&#8243;][vc_gallery interval=&#8221;3&#8243; images=&#8221;1017&#8243; img_size=&#8221;full&#8221;][vc_separator css=&#8221;.vc_custom_1638829879413{margin-top: -60px !important;}&#8221;][vc_wp_text]<\/p>\n<h6 style=\"text-align: center;\">Suministro e instalaci\u00f3n de l\u00e1mina de acero, acr\u00edlicas, policarbonatos entre otras.<\/h6>\n<p>[\/vc_wp_text][\/vc_column][vc_column width=&#8221;1\/3&#8243;][vc_gallery interval=&#8221;3&#8243; images=&#8221;1018&#8243; img_size=&#8221;full&#8221;][vc_separator css=&#8221;.vc_custom_1638829879413{margin-top: -60px !important;}&#8221;][vc_wp_text]<\/p>\n<h5 style=\"text-align: center;\">Suministro e instalaci\u00f3n de paneles aislantes.<\/h5>\n<p>[\/vc_wp_text][\/vc_column][vc_column width=&#8221;1\/3&#8243;][vc_gallery interval=&#8221;3&#8243; images=&#8221;1019&#8243; img_size=&#8221;full&#8221;][vc_separator css=&#8221;.vc_custom_1638829879413{margin-top: -60px !important;}&#8221;][vc_wp_text]<\/p>\n<h6 style=\"text-align: center;\">Servicio de mantenimiento para cubiertas industriales<\/h6>\n<p>[\/vc_wp_text][\/vc_column][\/vc_row]<\/p>\n<\/div>","protected":false},"excerpt":{"rendered":"<p>[vc_row css=&#8221;.vc_custom_1638418647153{margin-top: 50px !important;}&#8221;][vc_column width=&#8221;1\/3&#8243;][vc_gallery interval=&#8221;3&#8243; images=&#8221;1017&#8243; img_size=&#8221;full&#8221;][vc_separator css=&#8221;.vc_custom_1638829879413{margin-top: -60px !important;}&#8221;][vc_wp_text] Suministro e instalaci\u00f3n de l\u00e1mina de acero, acr\u00edlicas, policarbonatos entre otras. [\/vc_wp_text][\/vc_column][vc_column width=&#8221;1\/3&#8243;][vc_gallery interval=&#8221;3&#8243; images=&#8221;1018&#8243; img_size=&#8221;full&#8221;][vc_separator css=&#8221;.vc_custom_1638829879413{margin-top: -60px !important;}&#8221;][vc_wp_text] Suministro e instalaci\u00f3n de paneles aislantes. [\/vc_wp_text][\/vc_column][vc_column width=&#8221;1\/3&#8243;][vc_gallery interval=&#8221;3&#8243; images=&#8221;1019&#8243; img_size=&#8221;full&#8221;][vc_separator css=&#8221;.vc_custom_1638829879413{margin-top: -60px !important;}&#8221;][vc_wp_text] Servicio de mantenimiento para cubiertas industriales [\/vc_wp_text][\/vc_column][\/vc_row]<\/p>\n","protected":false},"author":2,"featured_media":0,"parent":0,"menu_order":0,"comment_status":"closed","ping_status":"closed","template":"","meta":{"_joinchat":[],"footnotes":""},"class_list":["post-343","page","type-page","status-publish","hentry"],"_links":{"self":[{"href":"https:\/\/l-panel.com\/index.php?rest_route=\/wp\/v2\/pages\/343","targetHints":{"allow":["GET"]}}],"collection":[{"href":"https:\/\/l-panel.com\/index.php?rest_route=\/wp\/v2\/pages"}],"about":[{"href":"https:\/\/l-panel.com\/index.php?rest_route=\/wp\/v2\/types\/page"}],"author":[{"embeddable":true,"href":"https:\/\/l-panel.com\/index.php?rest_route=\/wp\/v2\/users\/2"}],"replies":[{"embeddable":true,"href":"https:\/\/l-panel.com\/index.php?rest_route=%2Fwp%2Fv2%2Fcomments&post=343"}],"version-history":[{"count":38,"href":"https:\/\/l-panel.com\/index.php?rest_route=\/wp\/v2\/pages\/343\/revisions"}],"predecessor-version":[{"id":1080,"href":"https:\/\/l-panel.com\/index.php?rest_route=\/wp\/v2\/pages\/343\/revisions\/1080"}],"wp:attachment":[{"href":"https:\/\/l-panel.com\/index.php?rest_route=%2Fwp%2Fv2%2Fmedia&parent=343"}],"curies":[{"name":"wp","href":"https:\/\/api.w.org\/{rel}","templated":true}]}}